{"id":99,"date":"2012-04-30T01:49:41","date_gmt":"2012-04-29T23:49:41","guid":{"rendered":"http:\/\/www.erkanet.de\/KaromediaWP\/?page_id=99"},"modified":"2012-05-06T21:33:45","modified_gmt":"2012-05-06T19:33:45","slug":"kaukasische-post-1","status":"publish","type":"page","link":"http:\/\/www.kaukasische-post.com\/?page_id=99","title":{"rendered":"Kaukasische Post"},"content":{"rendered":"<p>Die \u201eKaukasische Post\u201c ist das \u201eDeutsche Monatszeitung aus dem S\u00fcdkaukasus\u201c jeweils zum Monatsanfang in mit mindestens 20 Seiten im Tabloid-Format und Farbdruck. Sie wird in Georgien, Armenien, Aserbaidschan, Deutschland, \u00d6sterreich und der Schweiz an Abonnenten vertrieben und in Tiflis im Travel Shop in der Barnovstra\u00dfe 30 verkauft.<\/p>\n<p>Die \u201eKaukasische Post\u201c deckt alle Themenbereiche der Beziehungen zwischen Deutschland und den L\u00e4ndern des S\u00fcdkaukasus ab. Sie versteht sich als eine Br\u00fccke und Mittler zwischen Deutschland und dem S\u00fcdkaukasus. Sie soll insbesondere die Pflege der deutschen Sprache und Kultur in diesen L\u00e4ndern bef\u00f6rdern und sich dauerhaft als deutsche Stimme in der Medienlandschaft des S\u00fcdkaukasus etablieren..<\/p>\n<p>Neben Reportagen, Features, Interviews und Portraits sollen vor allem Berichte aus den Bereichen Wirtschaft, Kultur, Feuilleton, Buntes, Entwicklungszusammenarbeit, Tourismus und das deutsche Kulturerbe im S\u00fcdkaukasus im Vordergrund stehen. Ein ausf\u00fchrlicher Service-Teil mit Terminhinweisen, praktischen Tipps und privaten Kleinanzeigen soll den Nutzwert der Zeitung erh\u00f6hen. Daneben sind Berichte von Georgiern in Deutschland vorgesehen. Den Schulen mit deutschsprachigem Unterricht in Tiflis wird eine Sonderseite \u201eSch\u00fcler machen Zeitung\u201c zur Verf\u00fcgung gestellt, um jungen Deutschsch\u00fclern auf diesem Wege erste praktische Medien-Erfahrung zu vermitteln und deutschsprachigen journalistischen Nachwuchs im S\u00fcdkaukasus auszubilden.<\/p>\n<p>Die \u201eKaukasische Post\u201c bietet allen Personen, Institutionen und Firmen, die das Beziehungsgeflecht zwischen Deutschland und dem S\u00fcdkaukasus darstellen ein Informationsmedium in deutscher Sprache an, das im S\u00fcdkaukasus produziert wird. Die \u201eKaukasische Post\u201c will damit einen bescheidenen Beitrag zum Erhalt deutschen Kulturguts im S\u00fcdkaukasus leisten.<\/p>\n<p>Die Kaukasische Post wird vom Verlag KAOmedia in Tiflis herausgegeben, der auch den Mediendienst <a href=\"http:\/\/www.kaukasus-media-service.de\/\" target=\"_blank\">Kaukasus Media Service<\/a> betreibt. In diesem Mediendienst stellen die Kaukasische Post und ihre Redakteure ihre mehr als 20-j\u00e4hrige journalistische Erfahrung im ganzen Kaukasus europ\u00e4ischen Medien als Partner vor Ort zur Verf\u00fcgung.<\/p>\n<p>&nbsp;<\/p>\n<p>&nbsp;<\/p>\n","protected":false},"excerpt":{"rendered":"<p>Die \u201eKaukasische Post\u201c ist das \u201eDeutsche Monatszeitung aus dem S\u00fcdkaukasus\u201c jeweils zum Monatsanfang in mit mindestens 20 Seiten im Tabloid-Format und Farbdruck. Sie wird in Georgien, Armenien, Aserbaidschan, Deutschland, \u00d6sterreich und der Schweiz an Abonnenten vertrieben und in Tiflis im &hellip; <a href=\"http:\/\/www.kaukasische-post.com\/?page_id=99\">Weiterlesen <span class=\"meta-nav\">&rarr;<\/span><\/a><\/p>\n","protected":false},"author":2,"featured_media":0,"parent":0,"menu_order":0,"comment_status":"closed","ping_status":"closed","template":"sidebar-page.php","meta":[],"_links":{"self":[{"href":"http:\/\/www.kaukasische-post.com\/index.php?rest_route=\/wp\/v2\/pages\/99"}],"collection":[{"href":"http:\/\/www.kaukasische-post.com\/index.php?rest_route=\/wp\/v2\/pages"}],"about":[{"href":"http:\/\/www.kaukasische-post.com\/index.php?rest_route=\/wp\/v2\/types\/page"}],"author":[{"embeddable":true,"href":"http:\/\/www.kaukasische-post.com\/index.php?rest_route=\/wp\/v2\/users\/2"}],"replies":[{"embeddable":true,"href":"http:\/\/www.kaukasische-post.com\/index.php?rest_route=%2Fwp%2Fv2%2Fcomments&post=99"}],"version-history":[{"count":18,"href":"http:\/\/www.kaukasische-post.com\/index.php?rest_route=\/wp\/v2\/pages\/99\/revisions"}],"predecessor-version":[{"id":111,"href":"http:\/\/www.kaukasische-post.com\/index.php?rest_route=\/wp\/v2\/pages\/99\/revisions\/111"}],"wp:attachment":[{"href":"http:\/\/www.kaukasische-post.com\/index.php?rest_route=%2Fwp%2Fv2%2Fmedia&parent=99"}],"curies":[{"name":"wp","href":"https:\/\/api.w.org\/{rel}","templated":true}]}}