{"id":502,"date":"2012-05-07T22:00:42","date_gmt":"2012-05-07T20:00:42","guid":{"rendered":"http:\/\/www.erkanet.de\/KaukPostWP\/?page_id=502"},"modified":"2018-12-03T19:09:41","modified_gmt":"2018-12-03T18:09:41","slug":"reiselesebuch","status":"publish","type":"page","link":"http:\/\/www.kaukasische-post.com\/?page_id=502","title":{"rendered":"Reiselesebuch"},"content":{"rendered":"<p><strong>Rainer Kaufmann<br \/>\n<\/strong><\/p>\n<p><strong>Georgien &#8211; Ein Reise-Lesebuch<a href=\"http:\/\/www.erkanet.de\/KaukPostWP\/?attachment_id=358\" rel=\"attachment wp-att-358\"><img loading=\"lazy\" class=\"aligncenter size-medium wp-image-358\" title=\"reisebuch_cover\" src=\"http:\/\/www.erkanet.de\/KaukPostWP\/wp-content\/uploads\/2012\/05\/reisebuch_cover-298x300.jpg\" alt=\"\" width=\"298\" height=\"300\" srcset=\"http:\/\/www.kaukasische-post.com\/wp-content\/uploads\/2012\/05\/reisebuch_cover-298x300.jpg 298w, http:\/\/www.kaukasische-post.com\/wp-content\/uploads\/2012\/05\/reisebuch_cover-150x150.jpg 150w, http:\/\/www.kaukasische-post.com\/wp-content\/uploads\/2012\/05\/reisebuch_cover.jpg 480w\" sizes=\"(max-width: 298px) 100vw, 298px\" \/><\/a><\/strong><br \/>\nDas aktuelle Georgien-Buch von Rainer Kaufmann h\u00e4tte just an dem Tag in den Druck gehen sollen, als der Kurzkrieg um die abtr\u00fcnnige Provinz S\u00fcdossetien begann. Die Produktion wurde verschoben. Jetzt ist das Buch in den Handel, das erste Buch \u00fcber Georgien seit den August-Ereignissen, das erste Buch, das u.a. Hintergr\u00fcnde, Vorgeschichte und die Ergebnisse dieses kurzen Waffengangs beschreibt.<\/p>\n<p><strong>340 Seiten, 12 zweiseitige Farbtafeln, 24 einseitige Farbtafeln, 12 s\/w Tafeln, 16 s\/w-Bilder, mehrere \u00dcbersichtskarten<\/strong><\/p>\n<p><strong>Preis: \u20ac 15,00<br \/>\nISBN: 3-929184-14-1<\/strong><\/p>\n<p><strong>Bestellung:<\/strong><br \/>\n<strong>in Georgien:<\/strong> <a href=\"mailto:\/\/verlag@karo-media.net\" target=\"_blank\"><br \/>\n<\/a>KAROmediaVerlag\/Tbilisi<br \/>\nTel. +995 &#8211; 322 936 593<br \/>\n<a href=\"mailto:\/\/verlag@karo-media.net\" target=\"_blank\">e-mail: verlag@karo-media.net<\/a><\/p>\n<p><strong>in Deutschland:<\/strong><br \/>\nERKA Verlag,<br \/>\nRobert-Stolz-Str. 21, 76646 Bruchsal <a href=\"mailto:\/\/service@erkanet.de\" target=\"_blank\"><br \/>\n<\/a>Tel. +49 &#8211; 7257 930 390<a href=\"mailto:\/\/service@erkanet.de\" target=\"_blank\"><br \/>\ne-mail: service@erkanet.de<\/a><\/p>\n","protected":false},"excerpt":{"rendered":"<p>Rainer Kaufmann Georgien &#8211; Ein Reise-Lesebuch Das aktuelle Georgien-Buch von Rainer Kaufmann h\u00e4tte just an dem Tag in den Druck gehen sollen, als der Kurzkrieg um die abtr\u00fcnnige Provinz S\u00fcdossetien begann. Die Produktion wurde verschoben. Jetzt ist das Buch in &hellip; <a href=\"http:\/\/www.kaukasische-post.com\/?page_id=502\">Weiterlesen <span class=\"meta-nav\">&rarr;<\/span><\/a><\/p>\n","protected":false},"author":2,"featured_media":0,"parent":0,"menu_order":0,"comment_status":"closed","ping_status":"closed","template":"sidebar-page.php","meta":[],"_links":{"self":[{"href":"http:\/\/www.kaukasische-post.com\/index.php?rest_route=\/wp\/v2\/pages\/502"}],"collection":[{"href":"http:\/\/www.kaukasische-post.com\/index.php?rest_route=\/wp\/v2\/pages"}],"about":[{"href":"http:\/\/www.kaukasische-post.com\/index.php?rest_route=\/wp\/v2\/types\/page"}],"author":[{"embeddable":true,"href":"http:\/\/www.kaukasische-post.com\/index.php?rest_route=\/wp\/v2\/users\/2"}],"replies":[{"embeddable":true,"href":"http:\/\/www.kaukasische-post.com\/index.php?rest_route=%2Fwp%2Fv2%2Fcomments&post=502"}],"version-history":[{"count":14,"href":"http:\/\/www.kaukasische-post.com\/index.php?rest_route=\/wp\/v2\/pages\/502\/revisions"}],"predecessor-version":[{"id":922,"href":"http:\/\/www.kaukasische-post.com\/index.php?rest_route=\/wp\/v2\/pages\/502\/revisions\/922"}],"wp:attachment":[{"href":"http:\/\/www.kaukasische-post.com\/index.php?rest_route=%2Fwp%2Fv2%2Fmedia&parent=502"}],"curies":[{"name":"wp","href":"https:\/\/api.w.org\/{rel}","templated":true}]}}