{"id":40,"date":"2012-04-30T00:03:53","date_gmt":"2012-04-29T22:03:53","guid":{"rendered":"http:\/\/www.erkanet.de\/KaromediaWP\/?page_id=40"},"modified":"2017-01-18T10:33:32","modified_gmt":"2017-01-18T09:33:32","slug":"abo","status":"publish","type":"page","link":"http:\/\/www.kaukasische-post.com\/?page_id=40","title":{"rendered":"ABO"},"content":{"rendered":"<h2><strong>Sie k\u00f6nnen die Kaukasische Post abonnieren.<\/strong><\/h2>\n<p>In Georgien zur Selbstabholung in der Redaktion oder per Anlieferung an B\u00fcro- und Gesch\u00e4ftsadressen. In Deutschland, \u00d6sterreich und der Schweiz jeweils per Postversand durch unseren Partner: ERKA-Verlag\/Bruchsal. (Abo-Bestellungen bitte mit Angabe der Anzahl der Exemplare und mit der genauen Liefer- \/ Rechnungsanschrift an die untenstehenden e-mail-Adressen)<\/p>\n<p><em><strong>Die Preise<\/strong><\/em><\/p>\n<p><strong><span style=\"text-decoration: underline; color: #000000;\"><span style=\"text-decoration: underline;\">Deutschland:<\/span><\/span><\/strong><br \/>\nPostvertrieb (jeweils ca. 15. eines Monats): <strong>Jahresabonnement \u20ac 60,00<\/strong><\/p>\n<p><strong><span style=\"text-decoration: underline;\">\u00d6sterreich und Schweiz:<\/span><\/strong><br \/>\nPostvertrieb (jeweils ca. 15. eines Monats): <strong>Jahresabonnement \u20ac 87,00<\/strong><\/p>\n<p>Abo-Bestellungen aus Deutschland, \u00d6sterreich und der Schweiz unter <a href=\"mailto:abo.deutschland@kaukasische-post.com\">abo.deutschland@kaukasische-post.com<\/a><\/p>\n<p><strong><span style=\"text-decoration: underline;\">Georgien:<\/span><\/strong><br \/>\nDirektverkauf an verschiedenen Verkaufsstellen: <strong>GEL 5 pro Ausgabe<\/strong><\/p>\n<p><strong>Jahresabonnement<\/strong> zur Selbstabholung in der Redaktion: <strong>GEL 48<\/strong> (Einzelpreis 4 GEL)<\/p>\n<p><strong>Jahresabonnement<\/strong> mit Anlieferung an B\u00fcro- oder Gesch\u00e4ftsadressen: <strong>GEL 54<\/strong> (Einzelpreis 4,50 GEL)<\/p>\n<p><span style=\"text-decoration: underline;\"><strong>weltweit:<\/strong><\/span><strong><br \/>\nJahresabonnement<\/strong>\u00a0 per e-mail als PDF:\u00a0\u00a0 <strong>36 EURO<\/strong><\/p>\n<p>Abo-Bestellungen unter<a href=\"mailto:abo@kapost.de\"> abo@kapost.de<\/a><\/p>\n<p>Herzliche Gr\u00fc\u00dfe aus Tiflis<br \/>\nRainer Kaufmann &amp; G\u00f6tz-Martin Rosin<\/p>\n<p>Kaukasische Post<br \/>\nBarnovi Str. 30<br \/>\nGE-0108 Tbilissi<br \/>\nTelefon +995-32-293 65 93<br \/>\n<a href=\"mailto:redaktion@kapost.de\">E-mail: redaktion@kapost.de<\/a><\/p>\n","protected":false},"excerpt":{"rendered":"<p>Sie k\u00f6nnen die Kaukasische Post abonnieren. In Georgien zur Selbstabholung in der Redaktion oder per Anlieferung an B\u00fcro- und Gesch\u00e4ftsadressen. In Deutschland, \u00d6sterreich und der Schweiz jeweils per Postversand durch unseren Partner: ERKA-Verlag\/Bruchsal. (Abo-Bestellungen bitte mit Angabe der Anzahl der &hellip; <a href=\"http:\/\/www.kaukasische-post.com\/?page_id=40\">Weiterlesen <span class=\"meta-nav\">&rarr;<\/span><\/a><\/p>\n","protected":false},"author":2,"featured_media":0,"parent":0,"menu_order":0,"comment_status":"closed","ping_status":"closed","template":"sidebar-page.php","meta":[],"_links":{"self":[{"href":"http:\/\/www.kaukasische-post.com\/index.php?rest_route=\/wp\/v2\/pages\/40"}],"collection":[{"href":"http:\/\/www.kaukasische-post.com\/index.php?rest_route=\/wp\/v2\/pages"}],"about":[{"href":"http:\/\/www.kaukasische-post.com\/index.php?rest_route=\/wp\/v2\/types\/page"}],"author":[{"embeddable":true,"href":"http:\/\/www.kaukasische-post.com\/index.php?rest_route=\/wp\/v2\/users\/2"}],"replies":[{"embeddable":true,"href":"http:\/\/www.kaukasische-post.com\/index.php?rest_route=%2Fwp%2Fv2%2Fcomments&post=40"}],"version-history":[{"count":8,"href":"http:\/\/www.kaukasische-post.com\/index.php?rest_route=\/wp\/v2\/pages\/40\/revisions"}],"predecessor-version":[{"id":75,"href":"http:\/\/www.kaukasische-post.com\/index.php?rest_route=\/wp\/v2\/pages\/40\/revisions\/75"}],"wp:attachment":[{"href":"http:\/\/www.kaukasische-post.com\/index.php?rest_route=%2Fwp%2Fv2%2Fmedia&parent=40"}],"curies":[{"name":"wp","href":"https:\/\/api.w.org\/{rel}","templated":true}]}}