{"id":326,"date":"2012-05-06T12:36:21","date_gmt":"2012-05-06T10:36:21","guid":{"rendered":"http:\/\/www.erkanet.de\/KaromediaWP\/?page_id=326"},"modified":"2012-05-08T00:54:01","modified_gmt":"2012-05-07T22:54:01","slug":"neue-kuche","status":"publish","type":"page","link":"http:\/\/www.kaukasische-post.com\/?page_id=326","title":{"rendered":"Neue K\u00fcche"},"content":{"rendered":"<p>Neue georgische K\u00fcche (1)<\/p>\n<p><strong><a title=\"Chatschapuri goes international\" href=\"http:\/\/www.erkanet.de\/KaukPostWP\/?page_id=596\">Chatschapurie goes international<\/a><\/strong><\/p>\n<p>&nbsp;<\/p>\n<p>Neue georgische K\u00fcche (2)<\/p>\n<p><a title=\"Tsatsiwi auf europ\u00e4isch\" href=\"http:\/\/www.erkanet.de\/KaukPostWP\/?page_id=551\"><strong>Tsatsiwi auf europ\u00e4isch<\/strong><\/a><\/p>\n<p>&nbsp;<\/p>\n<p>Neue georgische K\u00fcche (3)<strong><\/strong><\/p>\n<p><a title=\"Edelfisch als feines Kl\u00f6\u00dfchen\" href=\"http:\/\/www.erkanet.de\/KaukPostWP\/?page_id=555\"><strong>Edelfisch als feines Kl\u00f6\u00dfchen<\/strong><\/a><\/p>\n<p>&nbsp;<\/p>\n","protected":false},"excerpt":{"rendered":"<p>Neue georgische K\u00fcche (1) Chatschapurie goes international &nbsp; Neue georgische K\u00fcche (2) Tsatsiwi auf europ\u00e4isch &nbsp; Neue georgische K\u00fcche (3) Edelfisch als feines Kl\u00f6\u00dfchen &nbsp;<\/p>\n","protected":false},"author":2,"featured_media":0,"parent":292,"menu_order":0,"comment_status":"closed","ping_status":"closed","template":"sidebar-page.php","meta":[],"_links":{"self":[{"href":"http:\/\/www.kaukasische-post.com\/index.php?rest_route=\/wp\/v2\/pages\/326"}],"collection":[{"href":"http:\/\/www.kaukasische-post.com\/index.php?rest_route=\/wp\/v2\/pages"}],"about":[{"href":"http:\/\/www.kaukasische-post.com\/index.php?rest_route=\/wp\/v2\/types\/page"}],"author":[{"embeddable":true,"href":"http:\/\/www.kaukasische-post.com\/index.php?rest_route=\/wp\/v2\/users\/2"}],"replies":[{"embeddable":true,"href":"http:\/\/www.kaukasische-post.com\/index.php?rest_route=%2Fwp%2Fv2%2Fcomments&post=326"}],"version-history":[{"count":23,"href":"http:\/\/www.kaukasische-post.com\/index.php?rest_route=\/wp\/v2\/pages\/326\/revisions"}],"predecessor-version":[{"id":605,"href":"http:\/\/www.kaukasische-post.com\/index.php?rest_route=\/wp\/v2\/pages\/326\/revisions\/605"}],"up":[{"embeddable":true,"href":"http:\/\/www.kaukasische-post.com\/index.php?rest_route=\/wp\/v2\/pages\/292"}],"wp:attachment":[{"href":"http:\/\/www.kaukasische-post.com\/index.php?rest_route=%2Fwp%2Fv2%2Fmedia&parent=326"}],"curies":[{"name":"wp","href":"https:\/\/api.w.org\/{rel}","templated":true}]}}