{"id":3221,"date":"2024-05-01T14:39:58","date_gmt":"2024-05-01T12:39:58","guid":{"rendered":"http:\/\/www.kaukasische-post.com\/?page_id=3221"},"modified":"2024-05-01T14:39:58","modified_gmt":"2024-05-01T12:39:58","slug":"neue-kaukasische-post-erscheint-heute","status":"publish","type":"page","link":"http:\/\/www.kaukasische-post.com\/?page_id=3221","title":{"rendered":"Neue Kaukasische Post erscheint heute"},"content":{"rendered":"\n<p>Mit nur einem Tag Versp\u00e4tung erscheint heute die M\u00e4rz-April-Ausgabe des Jahres 2024. Der Grund hierf\u00fcr ist ganz einfach: Die Redaktion wollte auf alle F\u00e4lle die beiden gro\u00dfen Demonstrationen am 28. und 29. April abwarten und in ihre aktuelle Berichterstattung einbeziehen. Die PDF-Ausgabe ist ab heute im Versand, die Druckausgabe erscheint in Tiflis in der n\u00e4chsten Woche, in Deutschland nat\u00fcrlich mit entsprechender Verz\u00f6gerung durch den Versand. PDF-Abo`s gibts unter <a href=\"mailto:abo@kapost.de\">abo@kapost.de<\/a>. Hier die Themen:<\/p>\n\n\n\n<p><strong>Zeitenwende auf georgisch?<\/strong><br>Fragen und Hintergr\u00fcnde zu den Massendemonstrationen in Tiflis<\/p>\n\n\n\n<p><strong>&#8222;Gesetz zur Transparenz ausl\u00e4ndischer Einflussnahme&#8220;<\/strong><br>Informationen zu dem umstrittenen Gesetzesentwurf<\/p>\n\n\n\n<p><strong>Georgien bei der EM dabei<\/strong><br>Wie D\u00fcsseldorf die georgische Fu\u00dfball-Nationalmannschaft begr\u00fc\u00dft<\/p>\n\n\n\n<p><strong>Von Sanktionen und Beitrittsverhandlungen<\/strong><br>Resolution des Europ\u00e4ischen Parlaments<\/p>\n\n\n\n<p><strong>&#8222;Die EU als solche hat keine solche Regelung&#8220;<\/strong><br>Ausz\u00fcge aus der Pressekonferenz von Bundeskanzler Scholz und Ministerpr\u00e4sident Kobachidse<\/p>\n\n\n\n<p><strong>&#8222;Was spricht f\u00fcr den Mittleren Korridor?&#8220;<\/strong><br>Hintergr\u00fcnde zum Transkaspischen Transport-Korridor<\/p>\n\n\n\n<p><strong>Geliebt, gef\u00fcrchtet, gehasst<\/strong><br>Die Stra\u00dfenhunde von Tiflis<\/p>\n\n\n\n<p><strong>Tifliser Fr\u00fchling 2.0<\/strong><br>Die KaPost-Fotoseite<\/p>\n\n\n\n<p><strong>Wohin soll ich gehen?<\/strong><br>Yulia Weber-Chubays sing jiddische Lieder in Tiflis<\/p>\n\n\n\n<p><strong>Stadtpost Tiflis<\/strong><br>Die erste Briefmarke im Russischen Reich<\/p>\n\n\n\n<p><strong>Fragen an&#8230;<\/strong><br>&#8230; Johanna M\u00fchlmann<\/p>\n\n\n\n<p><strong>Hoher Besuch aus Deutschland<\/strong><br>Einung empf\u00e4ngt &#8222;Stiftung Verbundenheit&#8220;<\/p>\n\n\n\n<p><strong>Ein georgisches Hemd<\/strong><br>Kolumne von Hans-Joachim Kiderlen<\/p>\n\n\n\n<p><strong>Ein Vormittag in &#8222;\u00d6sterreich&#8220;&#8230;<\/strong><br>Die KaPost-Sch\u00fclerseite<\/p>\n\n\n\n<p><strong>Georgische Sol-Eier<\/strong><br>Rezept aus  &#8222;Neue Georgische K\u00fcche&#8220;<\/p>\n\n\n\n<p>Dazu die Rubriken:<br><strong>RAINwurf<br>Tipps und Termine<br>KaPost-Fotor\u00e4tsel<br>Kniffel-Schach<\/strong><\/p>\n\n\n\n<p><br><\/p>\n","protected":false},"excerpt":{"rendered":"<p>Mit nur einem Tag Versp\u00e4tung erscheint heute die M\u00e4rz-April-Ausgabe des Jahres 2024. Der Grund hierf\u00fcr ist ganz einfach: Die Redaktion wollte auf alle F\u00e4lle die beiden gro\u00dfen Demonstrationen am 28. und 29. April abwarten und in ihre aktuelle Berichterstattung einbeziehen. &hellip; <a href=\"http:\/\/www.kaukasische-post.com\/?page_id=3221\">Weiterlesen <span class=\"meta-nav\">&rarr;<\/span><\/a><\/p>\n","protected":false},"author":6,"featured_media":0,"parent":0,"menu_order":0,"comment_status":"closed","ping_status":"closed","template":"","meta":[],"_links":{"self":[{"href":"http:\/\/www.kaukasische-post.com\/index.php?rest_route=\/wp\/v2\/pages\/3221"}],"collection":[{"href":"http:\/\/www.kaukasische-post.com\/index.php?rest_route=\/wp\/v2\/pages"}],"about":[{"href":"http:\/\/www.kaukasische-post.com\/index.php?rest_route=\/wp\/v2\/types\/page"}],"author":[{"embeddable":true,"href":"http:\/\/www.kaukasische-post.com\/index.php?rest_route=\/wp\/v2\/users\/6"}],"replies":[{"embeddable":true,"href":"http:\/\/www.kaukasische-post.com\/index.php?rest_route=%2Fwp%2Fv2%2Fcomments&post=3221"}],"version-history":[{"count":1,"href":"http:\/\/www.kaukasische-post.com\/index.php?rest_route=\/wp\/v2\/pages\/3221\/revisions"}],"predecessor-version":[{"id":3222,"href":"http:\/\/www.kaukasische-post.com\/index.php?rest_route=\/wp\/v2\/pages\/3221\/revisions\/3222"}],"wp:attachment":[{"href":"http:\/\/www.kaukasische-post.com\/index.php?rest_route=%2Fwp%2Fv2%2Fmedia&parent=3221"}],"curies":[{"name":"wp","href":"https:\/\/api.w.org\/{rel}","templated":true}]}}